{"id":1103,"date":"2024-09-20T19:17:51","date_gmt":"2024-09-20T17:17:51","guid":{"rendered":"http:\/\/wordpress.p654213.webspaceconfig.de\/datenschutzhinweise\/"},"modified":"2024-09-20T19:23:41","modified_gmt":"2024-09-20T17:23:41","slug":"izjava-o-zastiti-podataka","status":"publish","type":"page","link":"https:\/\/herz-international.de\/hr\/izjava-o-zastiti-podataka\/","title":{"rendered":"Izjava o za\u0161titi podataka"},"content":{"rendered":"<p><div class=\"fusion-fullwidth fullwidth-box fusion-builder-row-1 fusion-flex-container has-pattern-background has-mask-background fusion-parallax-none hundred-percent-fullwidth non-hundred-percent-height-scrolling\" style=\"--awb-border-sizes-top:5px;--awb-border-color:var(--awb-color1);--awb-border-radius-top-left:0px;--awb-border-radius-top-right:0px;--awb-border-radius-bottom-right:0px;--awb-border-radius-bottom-left:0px;--awb-padding-right:0px;--awb-padding-left:0px;--awb-background-color:var(--awb-color5);--awb-background-image:url(&quot;&quot;);--awb-background-size:cover;\" ><div class=\"awb-background-pattern\" style=\"background-image:  url(data:image\/svg+xml;utf8,%3Csvg%20width%3D%2260%22%20height%3D%2260%22%20fill%3D%22none%22%20xmlns%3D%22http%3A%2F%2Fwww.w3.org%2F2000%2Fsvg%22%3E%3Cpath%20d%3D%22M6%204a2%202%200%2011-4%200%202%202%200%20014%200%22%20fill%3D%22rgba%2833%2C35%2C38%2C1%29%22%2F%3E%3C%2Fsvg%3E);opacity: 0.07 ;mix-blend-mode:normal;\"><\/div><div class=\"fusion-builder-row fusion-row fusion-flex-align-items-stretch fusion-flex-justify-content-center\" style=\"width:calc( 100% + 0px ) !important;max-width:calc( 100% + 0px ) !important;margin-left: calc(-0px \/ 2 );margin-right: calc(-0px \/ 2 );\"><div class=\"fusion-layout-column fusion_builder_column fusion-builder-column-0 fusion_builder_column_1_1 1_1 fusion-flex-column fusion-animated\" style=\"--awb-padding-top:8vw;--awb-padding-right:8vw;--awb-padding-bottom:8vw;--awb-padding-left:8vw;--awb-bg-size:cover;--awb-width-large:100%;--awb-margin-top-large:0px;--awb-spacing-right-large:0;--awb-margin-bottom-large:0px;--awb-spacing-left-large:0;--awb-width-medium:100%;--awb-order-medium:1;--awb-spacing-right-medium:0;--awb-spacing-left-medium:0;--awb-width-small:100%;--awb-order-small:1;--awb-spacing-right-small:0;--awb-spacing-left-small:0;\" data-animationType=\"fadeInLeft\" data-animationDuration=\"0.6\" data-animationOffset=\"top-into-view\" data-motion-effects=\"[{&quot;type&quot;:&quot;&quot;,&quot;scroll_type&quot;:&quot;transition&quot;,&quot;scroll_direction&quot;:&quot;up&quot;,&quot;transition_speed&quot;:&quot;1&quot;,&quot;fade_type&quot;:&quot;in&quot;,&quot;scale_type&quot;:&quot;up&quot;,&quot;initial_scale&quot;:&quot;1&quot;,&quot;max_scale&quot;:&quot;1.5&quot;,&quot;min_scale&quot;:&quot;0.5&quot;,&quot;initial_rotate&quot;:&quot;0&quot;,&quot;end_rotate&quot;:&quot;30&quot;,&quot;initial_blur&quot;:&quot;0&quot;,&quot;end_blur&quot;:&quot;3&quot;,&quot;start_element&quot;:&quot;top&quot;,&quot;start_viewport&quot;:&quot;bottom&quot;,&quot;end_element&quot;:&quot;bottom&quot;,&quot;end_viewport&quot;:&quot;top&quot;,&quot;mouse_effect&quot;:&quot;track&quot;,&quot;mouse_effect_direction&quot;:&quot;opposite&quot;,&quot;mouse_effect_speed&quot;:&quot;2&quot;,&quot;infinite_animation&quot;:&quot;float&quot;,&quot;infinite_animation_speed&quot;:&quot;2&quot;}]\" data-scroll-devices=\"small-visibility,medium-visibility,large-visibility\"><div class=\"fusion-column-wrapper fusion-column-has-shadow fusion-flex-justify-content-flex-start fusion-content-layout-column\"><div class=\"fusion-title title fusion-title-1 fusion-sep-none fusion-title-center fusion-title-text fusion-title-size-one\" style=\"--awb-text-color:var(--awb-color1);--awb-margin-bottom:20px;\"><h1 class=\"title-heading-center fusion-responsive-typography-calculated\" style=\"margin:0;--fontSize:52;line-height:var(--awb-typography1-line-height);\">Izjava o za\u0161titi podataka<\/h1><\/div><\/div><\/div><\/div><\/div><div class=\"fusion-fullwidth fullwidth-box fusion-builder-row-2 fusion-flex-container has-pattern-background has-mask-background hundred-percent-fullwidth non-hundred-percent-height-scrolling\" style=\"--awb-border-radius-top-left:0px;--awb-border-radius-top-right:0px;--awb-border-radius-bottom-right:0px;--awb-border-radius-bottom-left:0px;--awb-padding-top:8vw;--awb-padding-right:8vw;--awb-padding-bottom:8vw;--awb-padding-left:8vw;--awb-background-color:var(--awb-color3);\" ><div class=\"fusion-builder-row fusion-row fusion-flex-align-items-center\" style=\"width:104% !important;max-width:104% !important;margin-left: calc(-4% \/ 2 );margin-right: calc(-4% \/ 2 );\"><div class=\"fusion-layout-column fusion_builder_column fusion-builder-column-1 fusion_builder_column_1_1 1_1 fusion-flex-column\" style=\"--awb-bg-size:cover;--awb-width-large:100%;--awb-margin-top-large:0px;--awb-spacing-right-large:1.92%;--awb-margin-bottom-large:20px;--awb-spacing-left-large:1.92%;--awb-width-medium:100%;--awb-order-medium:0;--awb-spacing-right-medium:1.92%;--awb-spacing-left-medium:1.92%;--awb-width-small:100%;--awb-order-small:0;--awb-spacing-right-small:1.92%;--awb-spacing-left-small:1.92%;\"><div class=\"fusion-column-wrapper fusion-column-has-shadow fusion-flex-justify-content-flex-start fusion-content-layout-column\"><div class=\"fusion-text fusion-text-1\"><h2>1. Pregled za\u0161tite podataka<\/h2>\n<h3>Op\u0107e informacije<\/h3>\n<p>Sljede\u0107e informacije pru\u017eaju jednostavan pregled onoga \u0161to se doga\u0111a s va\u0161im osobnim podacima kada posjetite ovu web stranicu. Osobni podaci su svi podaci kojima mo\u017eete biti osobno identificirani. Detaljne informacije o za\u0161titi podataka mo\u017eete prona\u0107i u na\u0161oj izjavi o za\u0161titi podataka navedenoj ispod ovog teksta.<\/p>\n<h3>Prikupljanje podataka na ovoj web stranici<\/h3>\n<h4>Tko je odgovoran za prikupljanje podataka na ovoj web stranici?<\/h4>\n<p>Obrada podataka na ovoj web stranici vr\u0161i se od strane operatera web stranice. Njegove kontaktne podatke mo\u017eete prona\u0107i u odjeljku &#8220;Napomena o odgovornoj osobi&#8221; u ovoj izjavi o za\u0161titi podataka.<\/p>\n<h4>Kako prikupljamo va\u0161e podatke?<\/h4>\n<p>Va\u0161i podaci se prikupljaju, s jedne strane, kada nam ih vi dostavite. To mogu biti podaci koje unesete u kontaktni obrazac.<\/p>\n<p>Ostali podaci prikupljaju se automatski ili uz va\u0161u suglasnost prilikom posjeta web stranici putem na\u0161ih IT sustava. To su prije svega tehni\u010dki podaci (npr. internetski preglednik, operativni sustav ili vrijeme pristupa stranici). Ovi podaci prikupljaju se automatski \u010dim u\u0111ete na ovu web stranicu.<\/p>\n<h4>Za \u0161to koristimo va\u0161e podatke?<\/h4>\n<p>Dio podataka prikuplja se kako bi se osigurala besprijekorna funkcionalnost web stranice. Drugi podaci mogu se koristiti za analizu va\u0161eg korisni\u010dkog pona\u0161anja.<\/p>\n<h4>Koja prava imate u vezi s va\u0161im podacima?<\/h4>\n<p>U svakom trenutku imate pravo na besplatne informacije o porijeklu, primatelju i svrsi va\u0161ih pohranjenih osobnih podataka. Tako\u0111er imate pravo zatra\u017eiti ispravak ili brisanje ovih podataka. Ako ste dali suglasnost za obradu podataka, mo\u017eete je u svakom trenutku povu\u0107i za budu\u0107nost. Osim toga, imate pravo, pod odre\u0111enim okolnostima, zatra\u017eiti ograni\u010denje obrade va\u0161ih osobnih podataka. Nadalje, imate pravo podnijeti pritu\u017ebu nadle\u017enom nadzornom tijelu.<\/p>\n<p>Za sva pitanja u vezi sa za\u0161titom podataka mo\u017eete nam se obratiti u bilo kojem trenutku.<\/p>\n<h3>Analiti\u010dki alati i alati tre\u0107ih strana<\/h3>\n<p>Prilikom posjeta ovoj web stranici va\u0161e pona\u0161anje prilikom pregledavanja mo\u017ee se statisti\u010dki analizirati. To se uglavnom doga\u0111a pomo\u0107u takozvanih analiti\u010dkih programa.<\/p>\n<p>Detaljne informacije o ovim analiti\u010dkim programima mo\u017eete prona\u0107i u sljede\u0107oj izjavi o za\u0161titi podataka.<\/p>\n<h2>2. Hosting<\/h2>\n<p>Hostiramo sadr\u017eaj na\u0161e web stranice kod sljede\u0107eg pru\u017eatelja usluga:<\/p>\n<h3>Strato<\/h3>\n<p>Pru\u017eatelj usluge je Strato AG, Otto-Ostrowski-Stra\u00dfe 7, 10249 Berlin (u daljnjem tekstu \u201eStrato\u201c). Kada posjetite na\u0161u web stranicu, Strato prikuplja razli\u010dite log datoteke, uklju\u010duju\u0107i va\u0161e IP adrese.<\/p>\n<p>Vi\u0161e informacija mo\u017eete prona\u0107i u izjavi o za\u0161titi podataka Strato: <a href=\"https:\/\/www.strato.de\/datenschutz\/\" target=\"_blank\" rel=\"noopener noreferrer\">https:\/\/www.strato.de\/datenschutz\/<\/a>.<\/p>\n<p>Kori\u0161tenje Strato temelji se na \u010dlanku 6. stavku 1. to\u010dki f GDPR-a. Imamo legitiman interes za \u0161to pouzdaniju prezentaciju na\u0161e web stranice. Ako je zatra\u017eena odgovaraju\u0107a suglasnost, obrada se vr\u0161i isklju\u010divo na temelju \u010dlanka 6. stavka 1. to\u010dke a GDPR-a i \u00a7 25 stavka 1. TDDDG-a, ako suglasnost uklju\u010duje pohranu kola\u010di\u0107a ili pristup informacijama u korisni\u010dkom ure\u0111aju (npr. otisak prsta ure\u0111aja) u smislu TDDDG-a. Suglasnost se mo\u017ee opozvati u bilo kojem trenutku.<\/p>\n<h4>Ugovor o obradi podataka<\/h4>\n<p>Sklopili smo ugovor o obradi podataka (AVV) za kori\u0161tenje gore navedene usluge. To je zakonski propisan ugovor o za\u0161titi podataka koji osigurava da ovaj pru\u017eatelj obra\u0111uje osobne podatke posjetitelja na\u0161e web stranice samo prema na\u0161im uputama i u skladu s GDPR-om.<\/p>\n<h2>3. Op\u0107e informacije i obvezne informacije<\/h2>\n<h3>Za\u0161tita podataka<\/h3>\n<p>Operateri ovih stranica vrlo ozbiljno shva\u0107aju za\u0161titu va\u0161ih osobnih podataka. Va\u0161e osobne podatke tretiramo povjerljivo i u skladu sa zakonskim propisima o za\u0161titi podataka te ovom izjavom o za\u0161titi podataka.<\/p>\n<p>Kada koristite ovu web stranicu, prikupljaju se razni osobni podaci. Osobni podaci su podaci pomo\u0107u kojih mo\u017eete biti osobno identificirani. Ova izjava o za\u0161titi podataka obja\u0161njava koje podatke prikupljamo i za \u0161to ih koristimo. Tako\u0111er obja\u0161njava kako i za koju svrhu to radimo.<\/p>\n<p>Napominjemo da prijenos podataka putem Interneta (npr. tijekom komunikacije putem e-po\u0161te) mo\u017ee imati sigurnosne nedostatke. Potpuna za\u0161tita podataka od pristupa tre\u0107im stranama nije mogu\u0107a.<\/p>\n<h3>Napomena o odgovornoj osobi<\/h3>\n<p>Odgovorna osoba za obradu podataka na ovoj web stranici je:<\/p>\n<p>Herz International GmbH<br \/>\nZastupana od strane direktora Christiana Herza<\/p>\n<p>Kirchenstra\u00dfe 7<br \/>\n21244 Buchholz i. d. Nordheide<\/p>\n<p>Telefon: +49(0)4181 &#8211; 350 350-0<br \/>\nE-mail: info@herz-international.de<\/p>\n<p>Odgovorna osoba je fizi\u010dka ili pravna osoba koja sama ili zajedno s drugima odlu\u010duje o svrhama i sredstvima obrade osobnih podataka (npr. imena, adrese e-po\u0161te itd.).<\/p>\n<h3>Razdoblje pohrane<\/h3>\n<p>Ako u ovoj izjavi o za\u0161titi podataka nije navedeno specifi\u010dno razdoblje pohrane, va\u0161i osobni podaci ostaju kod nas sve dok svrha obrade podataka ne prestane. Ako podnesete opravdani zahtjev za brisanje ili povu\u010dete suglasnost za obradu podataka, va\u0161i podaci bit \u0107e izbrisani, osim ako nemamo druge zakonski dopu\u0161tene razloge za pohranu va\u0161ih osobnih podataka (npr. porezne ili trgova\u010dke obveze \u010duvanja podataka); u potonjem slu\u010daju podaci \u0107e biti izbrisani nakon \u0161to ti razlozi prestanu.<\/p>\n<h3>Op\u0107e napomene o pravnim osnovama obrade podataka na ovoj web stranici<\/h3>\n<p>Ako ste pristali na obradu podataka, obra\u0111ujemo va\u0161e osobne podatke na temelju \u010dlanka 6. stavka 1. to\u010dke a GDPR-a ili \u010dlanka 9. stavka 2. to\u010dke a GDPR-a ako se obra\u0111uju posebne kategorije podataka prema \u010dlanku 9. stavku 1. GDPR-a. U slu\u010daju izri\u010dite suglasnosti za prijenos osobnih podataka u tre\u0107e zemlje, obrada podataka temelji se i na \u010dlanku 49. stavku 1. to\u010dki a GDPR-a. Ako ste pristali na pohranu kola\u010di\u0107a ili na pristup informacijama u va\u0161em ure\u0111aju (npr. putem otiska prsta ure\u0111aja), obrada se tako\u0111er temelji na \u00a7 25 stavku 1. TDDDG-a. Suglasnost se mo\u017ee opozvati u bilo kojem trenutku. Ako su va\u0161i podaci potrebni za ispunjenje ugovora ili za provedbu predugovornih mjera, obra\u0111ujemo va\u0161e podatke na temelju \u010dlanka 6. stavka 1. to\u010dke b GDPR-a. Nadalje, obra\u0111ujemo va\u0161e podatke ako je to potrebno za ispunjenje zakonske obveze na temelju \u010dlanka 6. stavka 1. to\u010dke c GDPR-a. Obrada podataka tako\u0111er mo\u017ee biti zasnovana na na\u0161em legitimnom<\/p>\n<\/div><\/div><\/div><\/div><\/div><\/p>\n","protected":false},"excerpt":{"rendered":"","protected":false},"author":1,"featured_media":0,"parent":0,"menu_order":0,"comment_status":"closed","ping_status":"closed","template":"100-width.php","meta":{"footnotes":""},"class_list":["post-1103","page","type-page","status-publish","hentry"],"_links":{"self":[{"href":"https:\/\/herz-international.de\/hr\/wp-json\/wp\/v2\/pages\/1103","targetHints":{"allow":["GET"]}}],"collection":[{"href":"https:\/\/herz-international.de\/hr\/wp-json\/wp\/v2\/pages"}],"about":[{"href":"https:\/\/herz-international.de\/hr\/wp-json\/wp\/v2\/types\/page"}],"author":[{"embeddable":true,"href":"https:\/\/herz-international.de\/hr\/wp-json\/wp\/v2\/users\/1"}],"replies":[{"embeddable":true,"href":"https:\/\/herz-international.de\/hr\/wp-json\/wp\/v2\/comments?post=1103"}],"version-history":[{"count":3,"href":"https:\/\/herz-international.de\/hr\/wp-json\/wp\/v2\/pages\/1103\/revisions"}],"predecessor-version":[{"id":1110,"href":"https:\/\/herz-international.de\/hr\/wp-json\/wp\/v2\/pages\/1103\/revisions\/1110"}],"wp:attachment":[{"href":"https:\/\/herz-international.de\/hr\/wp-json\/wp\/v2\/media?parent=1103"}],"curies":[{"name":"wp","href":"https:\/\/api.w.org\/{rel}","templated":true}]}}